{"id":465,"date":"2024-06-20T12:51:06","date_gmt":"2024-06-20T10:51:06","guid":{"rendered":"https:\/\/dmal.eleves.mediamatique.ch\/Yvonand-Yachting\/about\/"},"modified":"2024-06-20T14:38:07","modified_gmt":"2024-06-20T12:38:07","slug":"about","status":"publish","type":"page","link":"https:\/\/dmal.eleves.mediamatique.ch\/Yvonand-Yachting\/about\/","title":{"rendered":"About"},"content":{"rendered":"\t\t<div data-elementor-type=\"wp-page\" data-elementor-id=\"465\" class=\"elementor elementor-465\" data-elementor-post-type=\"page\">\n\t\t\t\t<div class=\"elementor-element elementor-element-73aff768 e-con-full e-flex e-con e-parent\" data-id=\"73aff768\" data-element_type=\"container\">\n\t\t<div class=\"elementor-element elementor-element-5b2e1445 e-con-full e-flex e-con e-child\" data-id=\"5b2e1445\" data-element_type=\"container\" data-settings=\"{&quot;background_background&quot;:&quot;classic&quot;}\">\n\t\t\t\t<\/div>\n\t\t<div class=\"elementor-element elementor-element-3d3f47f3 e-con-full e-flex e-con e-child\" data-id=\"3d3f47f3\" data-element_type=\"container\" data-settings=\"{&quot;background_background&quot;:&quot;classic&quot;}\">\n\t\t\t\t<div class=\"elementor-element elementor-element-4b60d0d2 elementor-cta--skin-classic elementor-animated-content elementor-bg-transform elementor-bg-transform-zoom-in elementor-widget elementor-widget-call-to-action\" data-id=\"4b60d0d2\" data-element_type=\"widget\" data-widget_type=\"call-to-action.default\">\n\t\t\t\t<div class=\"elementor-widget-container\">\n\t\t\t<link rel=\"stylesheet\" href=\"https:\/\/dmal.eleves.mediamatique.ch\/Yvonand-Yachting\/wp-content\/plugins\/elementor-pro\/assets\/css\/widget-call-to-action.min.css\">\t\t<div class=\"elementor-cta\">\n\t\t\t\t\t\t\t<div class=\"elementor-cta__content\">\n\t\t\t\t\n\t\t\t\t\t\t\t\t\t<h1 class=\"elementor-cta__title elementor-cta__content-item elementor-content-item\">\n\t\t\t\t\t\tCRAFTED WITH PRECISION &amp; PASSION IN YVONAND, SWITZERLAND\t\t\t\t\t<\/h1>\n\t\t\t\t\n\t\t\t\t\t\t\t\t\t<div class=\"elementor-cta__description elementor-cta__content-item elementor-content-item\">\n\t\t\t\t\t\tPassionn\u00e9s par l'excellence nautique, nous allions savoir-faire artisanal et innovation pour vous offrir des yachts d'exception. D\u00e9couvrez notre engagement envers la qualit\u00e9 et le service personnalis\u00e9.\t\t\t\t\t<\/div>\n\t\t\t\t\n\t\t\t\t\t\t\t<\/div>\n\t\t\t\t\t\t<\/div>\n\t\t\t\t<\/div>\n\t\t\t\t<\/div>\n\t\t\t\t<\/div>\n\t\t\t\t<\/div>\n\t\t<div class=\"elementor-element elementor-element-506838a4 e-con-full e-flex e-con e-parent\" data-id=\"506838a4\" data-element_type=\"container\">\n\t\t<div class=\"elementor-element elementor-element-610d00ac e-con-full e-flex e-con e-child\" data-id=\"610d00ac\" data-element_type=\"container\">\n\t\t\t\t<div class=\"elementor-element elementor-element-3a985ad2 elementor-widget elementor-widget-heading\" data-id=\"3a985ad2\" data-element_type=\"widget\" data-widget_type=\"heading.default\">\n\t\t\t\t<div class=\"elementor-widget-container\">\n\t\t\t<style>\/*! elementor - v3.22.0 - 17-06-2024 *\/\n.elementor-heading-title{padding:0;margin:0;line-height:1}.elementor-widget-heading .elementor-heading-title[class*=elementor-size-]>a{color:inherit;font-size:inherit;line-height:inherit}.elementor-widget-heading .elementor-heading-title.elementor-size-small{font-size:15px}.elementor-widget-heading .elementor-heading-title.elementor-size-medium{font-size:19px}.elementor-widget-heading .elementor-heading-title.elementor-size-large{font-size:29px}.elementor-widget-heading .elementor-heading-title.elementor-size-xl{font-size:39px}.elementor-widget-heading .elementor-heading-title.elementor-size-xxl{font-size:59px}<\/style><h2 class=\"elementor-heading-title elementor-size-default\">\u00c0 propos<\/h2>\t\t<\/div>\n\t\t\t\t<\/div>\n\t\t\t\t<div class=\"elementor-element elementor-element-2868007f elementor-widget elementor-widget-text-editor\" data-id=\"2868007f\" data-element_type=\"widget\" data-widget_type=\"text-editor.default\">\n\t\t\t\t<div class=\"elementor-widget-container\">\n\t\t\t<style>\/*! elementor - v3.22.0 - 17-06-2024 *\/\n.elementor-widget-text-editor.elementor-drop-cap-view-stacked .elementor-drop-cap{background-color:#69727d;color:#fff}.elementor-widget-text-editor.elementor-drop-cap-view-framed .elementor-drop-cap{color:#69727d;border:3px solid;background-color:transparent}.elementor-widget-text-editor:not(.elementor-drop-cap-view-default) .elementor-drop-cap{margin-top:8px}.elementor-widget-text-editor:not(.elementor-drop-cap-view-default) .elementor-drop-cap-letter{width:1em;height:1em}.elementor-widget-text-editor .elementor-drop-cap{float:left;text-align:center;line-height:1;font-size:50px}.elementor-widget-text-editor .elementor-drop-cap-letter{display:inline-block}<\/style>\t\t\t\t<p>Chez Yvonand Yacht, notre mission est de fournir les yachts les plus luxueux et performants, tout en garantissant un service client exceptionnel. Nous nous engageons \u00e0 allier innovation, qualit\u00e9 et savoir-faire artisanal pour offrir une exp\u00e9rience nautique in\u00e9gal\u00e9e. Chaque yacht que nous proposons est s\u00e9lectionn\u00e9 avec soin pour r\u00e9pondre aux plus hauts standards de l&#8217;industrie et aux attentes de nos clients les plus exigeants.<\/p><p>Si vous passez par Yvonand, en Suisse, nous serions ravis de vous accueillir dans notre showroom au 123 Rue du Port. Venez d\u00e9couvrir notre passion pour l&#8217;excellence maritime et notre engagement envers la satisfaction de nos clients.<\/p>\t\t\t\t\t\t<\/div>\n\t\t\t\t<\/div>\n\t\t\t\t<\/div>\n\t\t<div class=\"elementor-element elementor-element-5a238dd9 e-con-full e-flex e-con e-child\" data-id=\"5a238dd9\" data-element_type=\"container\" data-settings=\"{&quot;background_background&quot;:&quot;classic&quot;,&quot;background_motion_fx_motion_fx_scrolling&quot;:&quot;yes&quot;,&quot;background_motion_fx_scale_effect&quot;:&quot;yes&quot;,&quot;background_motion_fx_scale_direction&quot;:&quot;in-out&quot;,&quot;background_motion_fx_scale_range&quot;:{&quot;unit&quot;:&quot;%&quot;,&quot;size&quot;:&quot;&quot;,&quot;sizes&quot;:{&quot;start&quot;:0,&quot;end&quot;:50}},&quot;background_motion_fx_scale_speed&quot;:{&quot;unit&quot;:&quot;px&quot;,&quot;size&quot;:4,&quot;sizes&quot;:[]},&quot;background_motion_fx_devices&quot;:[&quot;desktop&quot;,&quot;tablet&quot;,&quot;mobile&quot;]}\">\n\t\t\t\t<\/div>\n\t\t\t\t<\/div>\n\t\t<div class=\"elementor-element elementor-element-131fac4f e-con-full e-flex e-con e-parent\" data-id=\"131fac4f\" data-element_type=\"container\">\n\t\t<div class=\"elementor-element elementor-element-5c477ecc e-con-full e-flex e-con e-child\" data-id=\"5c477ecc\" data-element_type=\"container\">\n\t\t\t\t<div class=\"elementor-element elementor-element-3285c2a2 elementor-widget elementor-widget-text-editor\" data-id=\"3285c2a2\" data-element_type=\"widget\" data-widget_type=\"text-editor.default\">\n\t\t\t\t<div class=\"elementor-widget-container\">\n\t\t\t\t\t\t\t<p>Chez Yvonand Yacht, nous visons \u00e0 red\u00e9finir l&#8217;exp\u00e9rience de navigation de luxe en offrant des yachts d&#8217;une qualit\u00e9 exceptionnelle et un service personnalis\u00e9. Notre engagement envers l&#8217;innovation et l&#8217;artisanat se refl\u00e8te dans chaque d\u00e9tail, garantissant que chaque yacht d\u00e9passe vos attentes en termes de performance et de style. Nous croyons en une approche client centr\u00e9e sur la satisfaction, avec des solutions sur mesure pour chaque passionn\u00e9 de nautisme.<\/p><p>Notre objectif est de cr\u00e9er des souvenirs inoubliables sur l&#8217;eau, tout en respectant les normes les plus strictes de s\u00e9curit\u00e9 et de durabilit\u00e9. Chaque yacht de notre collection est soigneusement s\u00e9lectionn\u00e9 pour allier \u00e9l\u00e9gance, confort et technologie de pointe.<\/p>\t\t\t\t\t\t<\/div>\n\t\t\t\t<\/div>\n\t\t\t\t<\/div>\n\t\t<div class=\"elementor-element elementor-element-7d8ac64d e-con-full e-flex e-con e-child\" data-id=\"7d8ac64d\" data-element_type=\"container\" data-settings=\"{&quot;background_background&quot;:&quot;classic&quot;,&quot;background_motion_fx_motion_fx_scrolling&quot;:&quot;yes&quot;,&quot;background_motion_fx_scale_effect&quot;:&quot;yes&quot;,&quot;background_motion_fx_scale_direction&quot;:&quot;in-out&quot;,&quot;background_motion_fx_scale_range&quot;:{&quot;unit&quot;:&quot;%&quot;,&quot;size&quot;:&quot;&quot;,&quot;sizes&quot;:{&quot;start&quot;:0,&quot;end&quot;:50}},&quot;background_motion_fx_scale_speed&quot;:{&quot;unit&quot;:&quot;px&quot;,&quot;size&quot;:4,&quot;sizes&quot;:[]},&quot;background_motion_fx_devices&quot;:[&quot;desktop&quot;,&quot;tablet&quot;,&quot;mobile&quot;]}\">\n\t\t\t\t<\/div>\n\t\t\t\t<\/div>\n\t\t\t\t<\/div>\n\t\t","protected":false},"excerpt":{"rendered":"<p>CRAFTED WITH PRECISION &amp; PASSION IN YVONAND, SWITZERLAND Passionn\u00e9s par l&#8217;excellence nautique, nous allions savoir-faire artisanal et innovation pour vous offrir des yachts d&#8217;exception. D\u00e9couvrez notre engagement envers la qualit\u00e9 et le service personnalis\u00e9. \u00c0 propos Chez Yvonand Yacht, notre mission est de fournir les yachts les plus luxueux et performants, tout en garantissant un [&hellip;]<\/p>\n","protected":false},"author":1,"featured_media":0,"parent":0,"menu_order":0,"comment_status":"closed","ping_status":"closed","template":"elementor_header_footer","meta":{"footnotes":""},"class_list":["post-465","page","type-page","status-publish","hentry"],"yoast_head":"<!-- This site is optimized with the Yoast SEO plugin v22.9 - https:\/\/yoast.com\/wordpress\/plugins\/seo\/ -->\n<title>About - yvonand-yachting<\/title>\n<meta name=\"robots\" content=\"index, follow, max-snippet:-1, max-image-preview:large, max-video-preview:-1\" \/>\n<link rel=\"canonical\" href=\"https:\/\/dmal.eleves.mediamatique.ch\/Yvonand-Yachting\/about\/\" \/>\n<meta property=\"og:locale\" content=\"fr_FR\" \/>\n<meta property=\"og:type\" content=\"article\" \/>\n<meta property=\"og:title\" content=\"About - yvonand-yachting\" \/>\n<meta property=\"og:description\" content=\"CRAFTED WITH PRECISION &amp; PASSION IN YVONAND, SWITZERLAND Passionn\u00e9s par l&#8217;excellence nautique, nous allions savoir-faire artisanal et innovation pour vous offrir des yachts d&#8217;exception. D\u00e9couvrez notre engagement envers la qualit\u00e9 et le service personnalis\u00e9. \u00c0 propos Chez Yvonand Yacht, notre mission est de fournir les yachts les plus luxueux et performants, tout en garantissant un [&hellip;]\" \/>\n<meta property=\"og:url\" content=\"https:\/\/dmal.eleves.mediamatique.ch\/Yvonand-Yachting\/about\/\" \/>\n<meta property=\"og:site_name\" content=\"yvonand-yachting\" \/>\n<meta property=\"article:publisher\" content=\"https:\/\/facebook.com\/yvonadyachting\" \/>\n<meta property=\"article:modified_time\" content=\"2024-06-20T12:38:07+00:00\" \/>\n<meta name=\"twitter:card\" content=\"summary_large_image\" \/>\n<meta name=\"twitter:site\" content=\"@yvonadyachting\" \/>\n<meta name=\"twitter:label1\" content=\"Dur\u00e9e de lecture estim\u00e9e\" \/>\n\t<meta name=\"twitter:data1\" content=\"1 minute\" \/>\n<script type=\"application\/ld+json\" class=\"yoast-schema-graph\">{\"@context\":\"https:\/\/schema.org\",\"@graph\":[{\"@type\":\"WebPage\",\"@id\":\"https:\/\/dmal.eleves.mediamatique.ch\/Yvonand-Yachting\/about\/\",\"url\":\"https:\/\/dmal.eleves.mediamatique.ch\/Yvonand-Yachting\/about\/\",\"name\":\"About - yvonand-yachting\",\"isPartOf\":{\"@id\":\"https:\/\/dmal.eleves.mediamatique.ch\/Yvonand-Yachting\/#website\"},\"datePublished\":\"2024-06-20T10:51:06+00:00\",\"dateModified\":\"2024-06-20T12:38:07+00:00\",\"breadcrumb\":{\"@id\":\"https:\/\/dmal.eleves.mediamatique.ch\/Yvonand-Yachting\/about\/#breadcrumb\"},\"inLanguage\":\"fr-FR\",\"potentialAction\":[{\"@type\":\"ReadAction\",\"target\":[\"https:\/\/dmal.eleves.mediamatique.ch\/Yvonand-Yachting\/about\/\"]}]},{\"@type\":\"BreadcrumbList\",\"@id\":\"https:\/\/dmal.eleves.mediamatique.ch\/Yvonand-Yachting\/about\/#breadcrumb\",\"itemListElement\":[{\"@type\":\"ListItem\",\"position\":1,\"name\":\"Accueil\",\"item\":\"https:\/\/dmal.eleves.mediamatique.ch\/Yvonand-Yachting\/\"},{\"@type\":\"ListItem\",\"position\":2,\"name\":\"About\"}]},{\"@type\":\"WebSite\",\"@id\":\"https:\/\/dmal.eleves.mediamatique.ch\/Yvonand-Yachting\/#website\",\"url\":\"https:\/\/dmal.eleves.mediamatique.ch\/Yvonand-Yachting\/\",\"name\":\"yvonand-yachting\",\"description\":\"\",\"publisher\":{\"@id\":\"https:\/\/dmal.eleves.mediamatique.ch\/Yvonand-Yachting\/#organization\"},\"potentialAction\":[{\"@type\":\"SearchAction\",\"target\":{\"@type\":\"EntryPoint\",\"urlTemplate\":\"https:\/\/dmal.eleves.mediamatique.ch\/Yvonand-Yachting\/?s={search_term_string}\"},\"query-input\":\"required name=search_term_string\"}],\"inLanguage\":\"fr-FR\"},{\"@type\":\"Organization\",\"@id\":\"https:\/\/dmal.eleves.mediamatique.ch\/Yvonand-Yachting\/#organization\",\"name\":\"yvonand-yachting\",\"url\":\"https:\/\/dmal.eleves.mediamatique.ch\/Yvonand-Yachting\/\",\"logo\":{\"@type\":\"ImageObject\",\"inLanguage\":\"fr-FR\",\"@id\":\"https:\/\/dmal.eleves.mediamatique.ch\/Yvonand-Yachting\/#\/schema\/logo\/image\/\",\"url\":\"https:\/\/dmal.eleves.mediamatique.ch\/Yvonand-Yachting\/wp-content\/uploads\/2024\/06\/Yachting-Yvonnand-Slogan_1.png\",\"contentUrl\":\"https:\/\/dmal.eleves.mediamatique.ch\/Yvonand-Yachting\/wp-content\/uploads\/2024\/06\/Yachting-Yvonnand-Slogan_1.png\",\"width\":638,\"height\":366,\"caption\":\"yvonand-yachting\"},\"image\":{\"@id\":\"https:\/\/dmal.eleves.mediamatique.ch\/Yvonand-Yachting\/#\/schema\/logo\/image\/\"},\"sameAs\":[\"https:\/\/facebook.com\/yvonadyachting\",\"https:\/\/x.com\/yvonadyachting\"]}]}<\/script>\n<!-- \/ Yoast SEO plugin. -->","yoast_head_json":{"title":"About - yvonand-yachting","robots":{"index":"index","follow":"follow","max-snippet":"max-snippet:-1","max-image-preview":"max-image-preview:large","max-video-preview":"max-video-preview:-1"},"canonical":"https:\/\/dmal.eleves.mediamatique.ch\/Yvonand-Yachting\/about\/","og_locale":"fr_FR","og_type":"article","og_title":"About - yvonand-yachting","og_description":"CRAFTED WITH PRECISION &amp; PASSION IN YVONAND, SWITZERLAND Passionn\u00e9s par l&#8217;excellence nautique, nous allions savoir-faire artisanal et innovation pour vous offrir des yachts d&#8217;exception. D\u00e9couvrez notre engagement envers la qualit\u00e9 et le service personnalis\u00e9. \u00c0 propos Chez Yvonand Yacht, notre mission est de fournir les yachts les plus luxueux et performants, tout en garantissant un [&hellip;]","og_url":"https:\/\/dmal.eleves.mediamatique.ch\/Yvonand-Yachting\/about\/","og_site_name":"yvonand-yachting","article_publisher":"https:\/\/facebook.com\/yvonadyachting","article_modified_time":"2024-06-20T12:38:07+00:00","twitter_card":"summary_large_image","twitter_site":"@yvonadyachting","twitter_misc":{"Dur\u00e9e de lecture estim\u00e9e":"1 minute"},"schema":{"@context":"https:\/\/schema.org","@graph":[{"@type":"WebPage","@id":"https:\/\/dmal.eleves.mediamatique.ch\/Yvonand-Yachting\/about\/","url":"https:\/\/dmal.eleves.mediamatique.ch\/Yvonand-Yachting\/about\/","name":"About - yvonand-yachting","isPartOf":{"@id":"https:\/\/dmal.eleves.mediamatique.ch\/Yvonand-Yachting\/#website"},"datePublished":"2024-06-20T10:51:06+00:00","dateModified":"2024-06-20T12:38:07+00:00","breadcrumb":{"@id":"https:\/\/dmal.eleves.mediamatique.ch\/Yvonand-Yachting\/about\/#breadcrumb"},"inLanguage":"fr-FR","potentialAction":[{"@type":"ReadAction","target":["https:\/\/dmal.eleves.mediamatique.ch\/Yvonand-Yachting\/about\/"]}]},{"@type":"BreadcrumbList","@id":"https:\/\/dmal.eleves.mediamatique.ch\/Yvonand-Yachting\/about\/#breadcrumb","itemListElement":[{"@type":"ListItem","position":1,"name":"Accueil","item":"https:\/\/dmal.eleves.mediamatique.ch\/Yvonand-Yachting\/"},{"@type":"ListItem","position":2,"name":"About"}]},{"@type":"WebSite","@id":"https:\/\/dmal.eleves.mediamatique.ch\/Yvonand-Yachting\/#website","url":"https:\/\/dmal.eleves.mediamatique.ch\/Yvonand-Yachting\/","name":"yvonand-yachting","description":"","publisher":{"@id":"https:\/\/dmal.eleves.mediamatique.ch\/Yvonand-Yachting\/#organization"},"potentialAction":[{"@type":"SearchAction","target":{"@type":"EntryPoint","urlTemplate":"https:\/\/dmal.eleves.mediamatique.ch\/Yvonand-Yachting\/?s={search_term_string}"},"query-input":"required name=search_term_string"}],"inLanguage":"fr-FR"},{"@type":"Organization","@id":"https:\/\/dmal.eleves.mediamatique.ch\/Yvonand-Yachting\/#organization","name":"yvonand-yachting","url":"https:\/\/dmal.eleves.mediamatique.ch\/Yvonand-Yachting\/","logo":{"@type":"ImageObject","inLanguage":"fr-FR","@id":"https:\/\/dmal.eleves.mediamatique.ch\/Yvonand-Yachting\/#\/schema\/logo\/image\/","url":"https:\/\/dmal.eleves.mediamatique.ch\/Yvonand-Yachting\/wp-content\/uploads\/2024\/06\/Yachting-Yvonnand-Slogan_1.png","contentUrl":"https:\/\/dmal.eleves.mediamatique.ch\/Yvonand-Yachting\/wp-content\/uploads\/2024\/06\/Yachting-Yvonnand-Slogan_1.png","width":638,"height":366,"caption":"yvonand-yachting"},"image":{"@id":"https:\/\/dmal.eleves.mediamatique.ch\/Yvonand-Yachting\/#\/schema\/logo\/image\/"},"sameAs":["https:\/\/facebook.com\/yvonadyachting","https:\/\/x.com\/yvonadyachting"]}]}},"_links":{"self":[{"href":"https:\/\/dmal.eleves.mediamatique.ch\/Yvonand-Yachting\/wp-json\/wp\/v2\/pages\/465","targetHints":{"allow":["GET"]}}],"collection":[{"href":"https:\/\/dmal.eleves.mediamatique.ch\/Yvonand-Yachting\/wp-json\/wp\/v2\/pages"}],"about":[{"href":"https:\/\/dmal.eleves.mediamatique.ch\/Yvonand-Yachting\/wp-json\/wp\/v2\/types\/page"}],"author":[{"embeddable":true,"href":"https:\/\/dmal.eleves.mediamatique.ch\/Yvonand-Yachting\/wp-json\/wp\/v2\/users\/1"}],"replies":[{"embeddable":true,"href":"https:\/\/dmal.eleves.mediamatique.ch\/Yvonand-Yachting\/wp-json\/wp\/v2\/comments?post=465"}],"version-history":[{"count":13,"href":"https:\/\/dmal.eleves.mediamatique.ch\/Yvonand-Yachting\/wp-json\/wp\/v2\/pages\/465\/revisions"}],"predecessor-version":[{"id":656,"href":"https:\/\/dmal.eleves.mediamatique.ch\/Yvonand-Yachting\/wp-json\/wp\/v2\/pages\/465\/revisions\/656"}],"wp:attachment":[{"href":"https:\/\/dmal.eleves.mediamatique.ch\/Yvonand-Yachting\/wp-json\/wp\/v2\/media?parent=465"}],"curies":[{"name":"wp","href":"https:\/\/api.w.org\/{rel}","templated":true}]}}