{"id":714,"date":"2024-06-21T10:37:53","date_gmt":"2024-06-21T08:37:53","guid":{"rendered":"https:\/\/dmal.eleves.mediamatique.ch\/Yvonand-Yachting\/?page_id=714"},"modified":"2024-06-21T11:15:40","modified_gmt":"2024-06-21T09:15:40","slug":"reviews","status":"publish","type":"page","link":"https:\/\/dmal.eleves.mediamatique.ch\/Yvonand-Yachting\/reviews\/","title":{"rendered":"Reviews"},"content":{"rendered":"\t\t<div data-elementor-type=\"wp-page\" data-elementor-id=\"714\" class=\"elementor elementor-714\" data-elementor-post-type=\"page\">\n\t\t\t\t<div class=\"elementor-element elementor-element-2eda81b e-flex e-con-boxed e-con e-parent\" data-id=\"2eda81b\" data-element_type=\"container\">\n\t\t\t\t\t<div class=\"e-con-inner\">\n\t\t<div class=\"elementor-element elementor-element-358e43d e-con-full e-flex e-con e-child\" data-id=\"358e43d\" data-element_type=\"container\">\n\t\t\t\t<div class=\"elementor-element elementor-element-2cd9bdf elementor-grid-3 elementor-grid-tablet-2 elementor-grid-mobile-1 elementor-posts--thumbnail-top elementor-widget elementor-widget-posts\" data-id=\"2cd9bdf\" data-element_type=\"widget\" data-settings=\"{&quot;classic_columns&quot;:&quot;3&quot;,&quot;classic_columns_tablet&quot;:&quot;2&quot;,&quot;classic_columns_mobile&quot;:&quot;1&quot;,&quot;classic_row_gap&quot;:{&quot;unit&quot;:&quot;px&quot;,&quot;size&quot;:35,&quot;sizes&quot;:[]},&quot;classic_row_gap_tablet&quot;:{&quot;unit&quot;:&quot;px&quot;,&quot;size&quot;:&quot;&quot;,&quot;sizes&quot;:[]},&quot;classic_row_gap_mobile&quot;:{&quot;unit&quot;:&quot;px&quot;,&quot;size&quot;:&quot;&quot;,&quot;sizes&quot;:[]}}\" data-widget_type=\"posts.classic\">\n\t\t\t\t<div class=\"elementor-widget-container\">\n\t\t\t<link rel=\"stylesheet\" href=\"https:\/\/dmal.eleves.mediamatique.ch\/Yvonand-Yachting\/wp-content\/plugins\/elementor-pro\/assets\/css\/widget-posts.min.css\">\t\t<div class=\"elementor-posts-container elementor-posts elementor-posts--skin-classic elementor-grid\">\n\t\t\t\t<article class=\"elementor-post elementor-grid-item post-740 post type-post status-publish format-standard has-post-thumbnail hentry category-non-classe\">\n\t\t\t\t<a class=\"elementor-post__thumbnail__link\" href=\"https:\/\/dmal.eleves.mediamatique.ch\/Yvonand-Yachting\/review-yacht-sportif\/\" tabindex=\"-1\" >\n\t\t\t<div class=\"elementor-post__thumbnail\"><img fetchpriority=\"high\" decoding=\"async\" width=\"1792\" height=\"1024\" src=\"https:\/\/dmal.eleves.mediamatique.ch\/Yvonand-Yachting\/wp-content\/uploads\/2024\/06\/rztj-1.webp\" class=\"attachment-full size-full wp-image-742\" alt=\"\" srcset=\"https:\/\/dmal.eleves.mediamatique.ch\/Yvonand-Yachting\/wp-content\/uploads\/2024\/06\/rztj-1.webp 1792w, https:\/\/dmal.eleves.mediamatique.ch\/Yvonand-Yachting\/wp-content\/uploads\/2024\/06\/rztj-1-300x171.webp 300w, https:\/\/dmal.eleves.mediamatique.ch\/Yvonand-Yachting\/wp-content\/uploads\/2024\/06\/rztj-1-1024x585.webp 1024w, https:\/\/dmal.eleves.mediamatique.ch\/Yvonand-Yachting\/wp-content\/uploads\/2024\/06\/rztj-1-768x439.webp 768w, https:\/\/dmal.eleves.mediamatique.ch\/Yvonand-Yachting\/wp-content\/uploads\/2024\/06\/rztj-1-1536x878.webp 1536w, https:\/\/dmal.eleves.mediamatique.ch\/Yvonand-Yachting\/wp-content\/uploads\/2024\/06\/rztj-1-1320x754.webp 1320w, https:\/\/dmal.eleves.mediamatique.ch\/Yvonand-Yachting\/wp-content\/uploads\/2024\/06\/rztj-1-600x343.webp 600w\" sizes=\"(max-width: 1792px) 100vw, 1792px\" \/><\/div>\n\t\t<\/a>\n\t\t\t\t<div class=\"elementor-post__text\">\n\t\t\t\t<h3 class=\"elementor-post__title\">\n\t\t\t<a href=\"https:\/\/dmal.eleves.mediamatique.ch\/Yvonand-Yachting\/review-yacht-sportif\/\" >\n\t\t\t\tReview Yacht Sportif\t\t\t<\/a>\n\t\t<\/h3>\n\t\t\t\t<div class=\"elementor-post__meta-data\">\n\t\t\t\t\t<span class=\"elementor-post-date\">\n\t\t\t21 juin 2024\t\t<\/span>\n\t\t\t\t<span class=\"elementor-post-avatar\">\n\t\t\tAucun commentaire\t\t<\/span>\n\t\t\t\t<\/div>\n\t\t\t\t<div class=\"elementor-post__excerpt\">\n\t\t\t<p>Yvonand Yachting Plongez dans l&#8217;univers du &#8220;Sportif&#8221;, un yacht con\u00e7u pour les amateurs de sensations fortes et de performance extr\u00eame. Introduction : Plongez dans l&#8217;adr\u00e9naline<\/p>\n\t\t<\/div>\n\t\t\n\t\t<a class=\"elementor-post__read-more\" href=\"https:\/\/dmal.eleves.mediamatique.ch\/Yvonand-Yachting\/review-yacht-sportif\/\" aria-label=\"En savoir plus sur Review Yacht Sportif\" tabindex=\"-1\" >\n\t\t\tLire la suite \u00bb\t\t<\/a>\n\n\t\t\t\t<\/div>\n\t\t\t\t<\/article>\n\t\t\t\t<article class=\"elementor-post elementor-grid-item post-729 post type-post status-publish format-standard has-post-thumbnail hentry category-non-classe\">\n\t\t\t\t<a class=\"elementor-post__thumbnail__link\" href=\"https:\/\/dmal.eleves.mediamatique.ch\/Yvonand-Yachting\/review-yacht-family\/\" tabindex=\"-1\" >\n\t\t\t<div class=\"elementor-post__thumbnail\"><img decoding=\"async\" width=\"1792\" height=\"1024\" src=\"https:\/\/dmal.eleves.mediamatique.ch\/Yvonand-Yachting\/wp-content\/uploads\/2024\/06\/famille.webp\" class=\"attachment-full size-full wp-image-85\" alt=\"\" srcset=\"https:\/\/dmal.eleves.mediamatique.ch\/Yvonand-Yachting\/wp-content\/uploads\/2024\/06\/famille.webp 1792w, https:\/\/dmal.eleves.mediamatique.ch\/Yvonand-Yachting\/wp-content\/uploads\/2024\/06\/famille-600x343.webp 600w, https:\/\/dmal.eleves.mediamatique.ch\/Yvonand-Yachting\/wp-content\/uploads\/2024\/06\/famille-300x171.webp 300w, https:\/\/dmal.eleves.mediamatique.ch\/Yvonand-Yachting\/wp-content\/uploads\/2024\/06\/famille-1024x585.webp 1024w, https:\/\/dmal.eleves.mediamatique.ch\/Yvonand-Yachting\/wp-content\/uploads\/2024\/06\/famille-768x439.webp 768w, https:\/\/dmal.eleves.mediamatique.ch\/Yvonand-Yachting\/wp-content\/uploads\/2024\/06\/famille-1536x878.webp 1536w, https:\/\/dmal.eleves.mediamatique.ch\/Yvonand-Yachting\/wp-content\/uploads\/2024\/06\/famille-1320x754.webp 1320w\" sizes=\"(max-width: 1792px) 100vw, 1792px\" \/><\/div>\n\t\t<\/a>\n\t\t\t\t<div class=\"elementor-post__text\">\n\t\t\t\t<h3 class=\"elementor-post__title\">\n\t\t\t<a href=\"https:\/\/dmal.eleves.mediamatique.ch\/Yvonand-Yachting\/review-yacht-family\/\" >\n\t\t\t\tReview Yacht Family\t\t\t<\/a>\n\t\t<\/h3>\n\t\t\t\t<div class=\"elementor-post__meta-data\">\n\t\t\t\t\t<span class=\"elementor-post-date\">\n\t\t\t21 juin 2024\t\t<\/span>\n\t\t\t\t<span class=\"elementor-post-avatar\">\n\t\t\tUn commentaire\t\t<\/span>\n\t\t\t\t<\/div>\n\t\t\t\t<div class=\"elementor-post__excerpt\">\n\t\t\t<p>Yvonand Yachting Explorez le &#8220;YAcht family&#8221;, le choix id\u00e9al pour des vacances en famille \u00e0 bord d&#8217;un yacht spacieux et confortable. Introduction : D\u00e9couvrez le<\/p>\n\t\t<\/div>\n\t\t\n\t\t<a class=\"elementor-post__read-more\" href=\"https:\/\/dmal.eleves.mediamatique.ch\/Yvonand-Yachting\/review-yacht-family\/\" aria-label=\"En savoir plus sur Review Yacht Family\" tabindex=\"-1\" >\n\t\t\tLire la suite \u00bb\t\t<\/a>\n\n\t\t\t\t<\/div>\n\t\t\t\t<\/article>\n\t\t\t\t<article class=\"elementor-post elementor-grid-item post-690 post type-post status-publish format-standard has-post-thumbnail hentry category-reviews\">\n\t\t\t\t<a class=\"elementor-post__thumbnail__link\" href=\"https:\/\/dmal.eleves.mediamatique.ch\/Yvonand-Yachting\/review-1\/\" tabindex=\"-1\" >\n\t\t\t<div class=\"elementor-post__thumbnail\"><img decoding=\"async\" width=\"1024\" height=\"1024\" src=\"https:\/\/dmal.eleves.mediamatique.ch\/Yvonand-Yachting\/wp-content\/uploads\/2024\/06\/rteegjerteoih.webp\" class=\"attachment-full size-full wp-image-80\" alt=\"\" srcset=\"https:\/\/dmal.eleves.mediamatique.ch\/Yvonand-Yachting\/wp-content\/uploads\/2024\/06\/rteegjerteoih.webp 1024w, https:\/\/dmal.eleves.mediamatique.ch\/Yvonand-Yachting\/wp-content\/uploads\/2024\/06\/rteegjerteoih-300x300.webp 300w, https:\/\/dmal.eleves.mediamatique.ch\/Yvonand-Yachting\/wp-content\/uploads\/2024\/06\/rteegjerteoih-100x100.webp 100w, https:\/\/dmal.eleves.mediamatique.ch\/Yvonand-Yachting\/wp-content\/uploads\/2024\/06\/rteegjerteoih-600x600.webp 600w, https:\/\/dmal.eleves.mediamatique.ch\/Yvonand-Yachting\/wp-content\/uploads\/2024\/06\/rteegjerteoih-150x150.webp 150w, https:\/\/dmal.eleves.mediamatique.ch\/Yvonand-Yachting\/wp-content\/uploads\/2024\/06\/rteegjerteoih-768x768.webp 768w\" sizes=\"(max-width: 1024px) 100vw, 1024px\" \/><\/div>\n\t\t<\/a>\n\t\t\t\t<div class=\"elementor-post__text\">\n\t\t\t\t<h3 class=\"elementor-post__title\">\n\t\t\t<a href=\"https:\/\/dmal.eleves.mediamatique.ch\/Yvonand-Yachting\/review-1\/\" >\n\t\t\t\tReview Yacht de luxe\t\t\t<\/a>\n\t\t<\/h3>\n\t\t\t\t<div class=\"elementor-post__meta-data\">\n\t\t\t\t\t<span class=\"elementor-post-date\">\n\t\t\t21 juin 2024\t\t<\/span>\n\t\t\t\t<span class=\"elementor-post-avatar\">\n\t\t\tUn commentaire\t\t<\/span>\n\t\t\t\t<\/div>\n\t\t\t\t<div class=\"elementor-post__excerpt\">\n\t\t\t<p>Yvonand Yachting D\u00e9couvrez le yacht de luxe, une v\u00e9ritable merveille des mers qui allie \u00e9l\u00e9gance et performance. Introduction : Plongez dans le monde du luxe<\/p>\n\t\t<\/div>\n\t\t\n\t\t<a class=\"elementor-post__read-more\" href=\"https:\/\/dmal.eleves.mediamatique.ch\/Yvonand-Yachting\/review-1\/\" aria-label=\"En savoir plus sur Review Yacht de luxe\" tabindex=\"-1\" >\n\t\t\tLire la suite \u00bb\t\t<\/a>\n\n\t\t\t\t<\/div>\n\t\t\t\t<\/article>\n\t\t\t\t<\/div>\n\t\t\n\t\t\t\t<\/div>\n\t\t\t\t<\/div>\n\t\t\t\t<\/div>\n\t\t\t\t\t<\/div>\n\t\t\t\t<\/div>\n\t\t\t\t<\/div>\n\t\t","protected":false},"excerpt":{"rendered":"","protected":false},"author":1,"featured_media":0,"parent":0,"menu_order":0,"comment_status":"closed","ping_status":"closed","template":"elementor_header_footer","meta":{"footnotes":""},"class_list":["post-714","page","type-page","status-publish","hentry"],"yoast_head":"<!-- This site is optimized with the Yoast SEO plugin v22.9 - https:\/\/yoast.com\/wordpress\/plugins\/seo\/ -->\n<title>Reviews - yvonand-yachting<\/title>\n<meta name=\"robots\" content=\"index, follow, max-snippet:-1, max-image-preview:large, max-video-preview:-1\" \/>\n<link rel=\"canonical\" href=\"https:\/\/dmal.eleves.mediamatique.ch\/Yvonand-Yachting\/reviews\/\" \/>\n<meta property=\"og:locale\" content=\"fr_FR\" \/>\n<meta property=\"og:type\" content=\"article\" \/>\n<meta property=\"og:title\" content=\"Reviews - yvonand-yachting\" \/>\n<meta property=\"og:url\" content=\"https:\/\/dmal.eleves.mediamatique.ch\/Yvonand-Yachting\/reviews\/\" \/>\n<meta property=\"og:site_name\" content=\"yvonand-yachting\" \/>\n<meta property=\"article:publisher\" content=\"https:\/\/facebook.com\/yvonadyachting\" \/>\n<meta property=\"article:modified_time\" content=\"2024-06-21T09:15:40+00:00\" \/>\n<meta name=\"twitter:card\" content=\"summary_large_image\" \/>\n<meta name=\"twitter:site\" content=\"@yvonadyachting\" \/>\n<meta name=\"twitter:label1\" content=\"Dur\u00e9e de lecture estim\u00e9e\" \/>\n\t<meta name=\"twitter:data1\" content=\"3 minutes\" \/>\n<script type=\"application\/ld+json\" class=\"yoast-schema-graph\">{\"@context\":\"https:\/\/schema.org\",\"@graph\":[{\"@type\":\"WebPage\",\"@id\":\"https:\/\/dmal.eleves.mediamatique.ch\/Yvonand-Yachting\/reviews\/\",\"url\":\"https:\/\/dmal.eleves.mediamatique.ch\/Yvonand-Yachting\/reviews\/\",\"name\":\"Reviews - yvonand-yachting\",\"isPartOf\":{\"@id\":\"https:\/\/dmal.eleves.mediamatique.ch\/Yvonand-Yachting\/#website\"},\"datePublished\":\"2024-06-21T08:37:53+00:00\",\"dateModified\":\"2024-06-21T09:15:40+00:00\",\"breadcrumb\":{\"@id\":\"https:\/\/dmal.eleves.mediamatique.ch\/Yvonand-Yachting\/reviews\/#breadcrumb\"},\"inLanguage\":\"fr-FR\",\"potentialAction\":[{\"@type\":\"ReadAction\",\"target\":[\"https:\/\/dmal.eleves.mediamatique.ch\/Yvonand-Yachting\/reviews\/\"]}]},{\"@type\":\"BreadcrumbList\",\"@id\":\"https:\/\/dmal.eleves.mediamatique.ch\/Yvonand-Yachting\/reviews\/#breadcrumb\",\"itemListElement\":[{\"@type\":\"ListItem\",\"position\":1,\"name\":\"Accueil\",\"item\":\"https:\/\/dmal.eleves.mediamatique.ch\/Yvonand-Yachting\/\"},{\"@type\":\"ListItem\",\"position\":2,\"name\":\"Reviews\"}]},{\"@type\":\"WebSite\",\"@id\":\"https:\/\/dmal.eleves.mediamatique.ch\/Yvonand-Yachting\/#website\",\"url\":\"https:\/\/dmal.eleves.mediamatique.ch\/Yvonand-Yachting\/\",\"name\":\"yvonand-yachting\",\"description\":\"\",\"publisher\":{\"@id\":\"https:\/\/dmal.eleves.mediamatique.ch\/Yvonand-Yachting\/#organization\"},\"potentialAction\":[{\"@type\":\"SearchAction\",\"target\":{\"@type\":\"EntryPoint\",\"urlTemplate\":\"https:\/\/dmal.eleves.mediamatique.ch\/Yvonand-Yachting\/?s={search_term_string}\"},\"query-input\":\"required name=search_term_string\"}],\"inLanguage\":\"fr-FR\"},{\"@type\":\"Organization\",\"@id\":\"https:\/\/dmal.eleves.mediamatique.ch\/Yvonand-Yachting\/#organization\",\"name\":\"yvonand-yachting\",\"url\":\"https:\/\/dmal.eleves.mediamatique.ch\/Yvonand-Yachting\/\",\"logo\":{\"@type\":\"ImageObject\",\"inLanguage\":\"fr-FR\",\"@id\":\"https:\/\/dmal.eleves.mediamatique.ch\/Yvonand-Yachting\/#\/schema\/logo\/image\/\",\"url\":\"https:\/\/dmal.eleves.mediamatique.ch\/Yvonand-Yachting\/wp-content\/uploads\/2024\/06\/Yachting-Yvonnand-Slogan_1.png\",\"contentUrl\":\"https:\/\/dmal.eleves.mediamatique.ch\/Yvonand-Yachting\/wp-content\/uploads\/2024\/06\/Yachting-Yvonnand-Slogan_1.png\",\"width\":638,\"height\":366,\"caption\":\"yvonand-yachting\"},\"image\":{\"@id\":\"https:\/\/dmal.eleves.mediamatique.ch\/Yvonand-Yachting\/#\/schema\/logo\/image\/\"},\"sameAs\":[\"https:\/\/facebook.com\/yvonadyachting\",\"https:\/\/x.com\/yvonadyachting\"]}]}<\/script>\n<!-- \/ Yoast SEO plugin. -->","yoast_head_json":{"title":"Reviews - yvonand-yachting","robots":{"index":"index","follow":"follow","max-snippet":"max-snippet:-1","max-image-preview":"max-image-preview:large","max-video-preview":"max-video-preview:-1"},"canonical":"https:\/\/dmal.eleves.mediamatique.ch\/Yvonand-Yachting\/reviews\/","og_locale":"fr_FR","og_type":"article","og_title":"Reviews - yvonand-yachting","og_url":"https:\/\/dmal.eleves.mediamatique.ch\/Yvonand-Yachting\/reviews\/","og_site_name":"yvonand-yachting","article_publisher":"https:\/\/facebook.com\/yvonadyachting","article_modified_time":"2024-06-21T09:15:40+00:00","twitter_card":"summary_large_image","twitter_site":"@yvonadyachting","twitter_misc":{"Dur\u00e9e de lecture estim\u00e9e":"3 minutes"},"schema":{"@context":"https:\/\/schema.org","@graph":[{"@type":"WebPage","@id":"https:\/\/dmal.eleves.mediamatique.ch\/Yvonand-Yachting\/reviews\/","url":"https:\/\/dmal.eleves.mediamatique.ch\/Yvonand-Yachting\/reviews\/","name":"Reviews - yvonand-yachting","isPartOf":{"@id":"https:\/\/dmal.eleves.mediamatique.ch\/Yvonand-Yachting\/#website"},"datePublished":"2024-06-21T08:37:53+00:00","dateModified":"2024-06-21T09:15:40+00:00","breadcrumb":{"@id":"https:\/\/dmal.eleves.mediamatique.ch\/Yvonand-Yachting\/reviews\/#breadcrumb"},"inLanguage":"fr-FR","potentialAction":[{"@type":"ReadAction","target":["https:\/\/dmal.eleves.mediamatique.ch\/Yvonand-Yachting\/reviews\/"]}]},{"@type":"BreadcrumbList","@id":"https:\/\/dmal.eleves.mediamatique.ch\/Yvonand-Yachting\/reviews\/#breadcrumb","itemListElement":[{"@type":"ListItem","position":1,"name":"Accueil","item":"https:\/\/dmal.eleves.mediamatique.ch\/Yvonand-Yachting\/"},{"@type":"ListItem","position":2,"name":"Reviews"}]},{"@type":"WebSite","@id":"https:\/\/dmal.eleves.mediamatique.ch\/Yvonand-Yachting\/#website","url":"https:\/\/dmal.eleves.mediamatique.ch\/Yvonand-Yachting\/","name":"yvonand-yachting","description":"","publisher":{"@id":"https:\/\/dmal.eleves.mediamatique.ch\/Yvonand-Yachting\/#organization"},"potentialAction":[{"@type":"SearchAction","target":{"@type":"EntryPoint","urlTemplate":"https:\/\/dmal.eleves.mediamatique.ch\/Yvonand-Yachting\/?s={search_term_string}"},"query-input":"required name=search_term_string"}],"inLanguage":"fr-FR"},{"@type":"Organization","@id":"https:\/\/dmal.eleves.mediamatique.ch\/Yvonand-Yachting\/#organization","name":"yvonand-yachting","url":"https:\/\/dmal.eleves.mediamatique.ch\/Yvonand-Yachting\/","logo":{"@type":"ImageObject","inLanguage":"fr-FR","@id":"https:\/\/dmal.eleves.mediamatique.ch\/Yvonand-Yachting\/#\/schema\/logo\/image\/","url":"https:\/\/dmal.eleves.mediamatique.ch\/Yvonand-Yachting\/wp-content\/uploads\/2024\/06\/Yachting-Yvonnand-Slogan_1.png","contentUrl":"https:\/\/dmal.eleves.mediamatique.ch\/Yvonand-Yachting\/wp-content\/uploads\/2024\/06\/Yachting-Yvonnand-Slogan_1.png","width":638,"height":366,"caption":"yvonand-yachting"},"image":{"@id":"https:\/\/dmal.eleves.mediamatique.ch\/Yvonand-Yachting\/#\/schema\/logo\/image\/"},"sameAs":["https:\/\/facebook.com\/yvonadyachting","https:\/\/x.com\/yvonadyachting"]}]}},"_links":{"self":[{"href":"https:\/\/dmal.eleves.mediamatique.ch\/Yvonand-Yachting\/wp-json\/wp\/v2\/pages\/714","targetHints":{"allow":["GET"]}}],"collection":[{"href":"https:\/\/dmal.eleves.mediamatique.ch\/Yvonand-Yachting\/wp-json\/wp\/v2\/pages"}],"about":[{"href":"https:\/\/dmal.eleves.mediamatique.ch\/Yvonand-Yachting\/wp-json\/wp\/v2\/types\/page"}],"author":[{"embeddable":true,"href":"https:\/\/dmal.eleves.mediamatique.ch\/Yvonand-Yachting\/wp-json\/wp\/v2\/users\/1"}],"replies":[{"embeddable":true,"href":"https:\/\/dmal.eleves.mediamatique.ch\/Yvonand-Yachting\/wp-json\/wp\/v2\/comments?post=714"}],"version-history":[{"count":10,"href":"https:\/\/dmal.eleves.mediamatique.ch\/Yvonand-Yachting\/wp-json\/wp\/v2\/pages\/714\/revisions"}],"predecessor-version":[{"id":776,"href":"https:\/\/dmal.eleves.mediamatique.ch\/Yvonand-Yachting\/wp-json\/wp\/v2\/pages\/714\/revisions\/776"}],"wp:attachment":[{"href":"https:\/\/dmal.eleves.mediamatique.ch\/Yvonand-Yachting\/wp-json\/wp\/v2\/media?parent=714"}],"curies":[{"name":"wp","href":"https:\/\/api.w.org\/{rel}","templated":true}]}}