{"id":81,"date":"2024-06-20T09:58:05","date_gmt":"2024-06-20T07:58:05","guid":{"rendered":"https:\/\/dmal.eleves.mediamatique.ch\/Yvonand-Yachting\/?post_type=product&#038;p=81"},"modified":"2024-06-20T11:06:27","modified_gmt":"2024-06-20T09:06:27","slug":"yacht-wooden-peace","status":"publish","type":"product","link":"https:\/\/dmal.eleves.mediamatique.ch\/Yvonand-Yachting\/produit\/yacht-wooden-peace\/","title":{"rendered":"Yacht wooden peace"},"content":{"rendered":"<p>Naviguez avec gr\u00e2ce et style \u00e0 bord du &#8220;Wooden Peace&#8221;. Ce magnifique yacht allie tradition et modernit\u00e9 dans une conception en bois artisanale. Chaque d\u00e9tail de ce navire est m\u00e9ticuleusement con\u00e7u pour offrir une exp\u00e9rience de navigation paisible et luxueuse. Les lignes classiques et le savoir-faire artisanal se marient harmonieusement avec des \u00e9quipements de pointe, assurant \u00e0 la fois confort et performance. Que vous naviguiez sur des eaux tranquilles ou que vous exploriez des destinations exotiques, le &#8220;Wooden Peace&#8221; est votre refuge ultime en mer.<\/p>\n","protected":false},"excerpt":{"rendered":"<p>Naviguez avec gr\u00e2ce et style \u00e0 bord du &#8220;Wooden Peace&#8221;. Ce magnifique yacht allie tradition et modernit\u00e9 dans une conception en bois artisanale. Chaque d\u00e9tail de ce navire est m\u00e9ticuleusement con\u00e7u pour offrir une exp\u00e9rience de navigation paisible et luxueuse. Les lignes classiques et le savoir-faire artisanal se marient harmonieusement avec des \u00e9quipements de pointe, [&hellip;]<\/p>\n","protected":false},"featured_media":82,"comment_status":"open","ping_status":"closed","template":"","meta":[],"product_cat":[16],"product_tag":[],"class_list":{"0":"post-81","1":"product","2":"type-product","3":"status-publish","4":"has-post-thumbnail","6":"product_cat-non-classe","8":"first","9":"instock","10":"sale","11":"shipping-taxable","12":"purchasable","13":"product-type-variable"},"yoast_head":"<!-- This site is optimized with the Yoast SEO plugin v22.9 - https:\/\/yoast.com\/wordpress\/plugins\/seo\/ -->\n<title>Yacht wooden peace - yvonand-yachting<\/title>\n<meta name=\"robots\" content=\"index, follow, max-snippet:-1, max-image-preview:large, max-video-preview:-1\" \/>\n<link rel=\"canonical\" href=\"https:\/\/dmal.eleves.mediamatique.ch\/Yvonand-Yachting\/produit\/yacht-wooden-peace\/\" \/>\n<meta property=\"og:locale\" content=\"fr_FR\" \/>\n<meta property=\"og:type\" content=\"article\" \/>\n<meta property=\"og:title\" content=\"Yacht wooden peace - yvonand-yachting\" \/>\n<meta property=\"og:description\" content=\"Naviguez avec gr\u00e2ce et style \u00e0 bord du &#8220;Wooden Peace&#8221;. Ce magnifique yacht allie tradition et modernit\u00e9 dans une conception en bois artisanale. Chaque d\u00e9tail de ce navire est m\u00e9ticuleusement con\u00e7u pour offrir une exp\u00e9rience de navigation paisible et luxueuse. Les lignes classiques et le savoir-faire artisanal se marient harmonieusement avec des \u00e9quipements de pointe, [&hellip;]\" \/>\n<meta property=\"og:url\" content=\"https:\/\/dmal.eleves.mediamatique.ch\/Yvonand-Yachting\/produit\/yacht-wooden-peace\/\" \/>\n<meta property=\"og:site_name\" content=\"yvonand-yachting\" \/>\n<meta property=\"article:publisher\" content=\"https:\/\/facebook.com\/yvonadyachting\" \/>\n<meta property=\"article:modified_time\" content=\"2024-06-20T09:06:27+00:00\" \/>\n<meta property=\"og:image\" content=\"https:\/\/dmal.eleves.mediamatique.ch\/Yvonand-Yachting\/wp-content\/uploads\/2024\/06\/w5gghwehg.webp\" \/>\n\t<meta property=\"og:image:width\" content=\"1792\" \/>\n\t<meta property=\"og:image:height\" content=\"1024\" \/>\n\t<meta property=\"og:image:type\" content=\"image\/webp\" \/>\n<meta name=\"twitter:card\" content=\"summary_large_image\" \/>\n<meta name=\"twitter:site\" content=\"@yvonadyachting\" \/>\n<script type=\"application\/ld+json\" class=\"yoast-schema-graph\">{\"@context\":\"https:\/\/schema.org\",\"@graph\":[{\"@type\":\"WebPage\",\"@id\":\"https:\/\/dmal.eleves.mediamatique.ch\/Yvonand-Yachting\/produit\/yacht-wooden-peace\/\",\"url\":\"https:\/\/dmal.eleves.mediamatique.ch\/Yvonand-Yachting\/produit\/yacht-wooden-peace\/\",\"name\":\"Yacht wooden peace - yvonand-yachting\",\"isPartOf\":{\"@id\":\"https:\/\/dmal.eleves.mediamatique.ch\/Yvonand-Yachting\/#website\"},\"primaryImageOfPage\":{\"@id\":\"https:\/\/dmal.eleves.mediamatique.ch\/Yvonand-Yachting\/produit\/yacht-wooden-peace\/#primaryimage\"},\"image\":{\"@id\":\"https:\/\/dmal.eleves.mediamatique.ch\/Yvonand-Yachting\/produit\/yacht-wooden-peace\/#primaryimage\"},\"thumbnailUrl\":\"https:\/\/dmal.eleves.mediamatique.ch\/Yvonand-Yachting\/wp-content\/uploads\/2024\/06\/w5gghwehg.webp\",\"datePublished\":\"2024-06-20T07:58:05+00:00\",\"dateModified\":\"2024-06-20T09:06:27+00:00\",\"breadcrumb\":{\"@id\":\"https:\/\/dmal.eleves.mediamatique.ch\/Yvonand-Yachting\/produit\/yacht-wooden-peace\/#breadcrumb\"},\"inLanguage\":\"fr-FR\",\"potentialAction\":[{\"@type\":\"ReadAction\",\"target\":[\"https:\/\/dmal.eleves.mediamatique.ch\/Yvonand-Yachting\/produit\/yacht-wooden-peace\/\"]}]},{\"@type\":\"ImageObject\",\"inLanguage\":\"fr-FR\",\"@id\":\"https:\/\/dmal.eleves.mediamatique.ch\/Yvonand-Yachting\/produit\/yacht-wooden-peace\/#primaryimage\",\"url\":\"https:\/\/dmal.eleves.mediamatique.ch\/Yvonand-Yachting\/wp-content\/uploads\/2024\/06\/w5gghwehg.webp\",\"contentUrl\":\"https:\/\/dmal.eleves.mediamatique.ch\/Yvonand-Yachting\/wp-content\/uploads\/2024\/06\/w5gghwehg.webp\",\"width\":1792,\"height\":1024},{\"@type\":\"BreadcrumbList\",\"@id\":\"https:\/\/dmal.eleves.mediamatique.ch\/Yvonand-Yachting\/produit\/yacht-wooden-peace\/#breadcrumb\",\"itemListElement\":[{\"@type\":\"ListItem\",\"position\":1,\"name\":\"Accueil\",\"item\":\"https:\/\/dmal.eleves.mediamatique.ch\/Yvonand-Yachting\/\"},{\"@type\":\"ListItem\",\"position\":2,\"name\":\"Shop\",\"item\":\"https:\/\/dmal.eleves.mediamatique.ch\/Yvonand-Yachting\/shop-2\/\"},{\"@type\":\"ListItem\",\"position\":3,\"name\":\"Yacht wooden peace\"}]},{\"@type\":\"WebSite\",\"@id\":\"https:\/\/dmal.eleves.mediamatique.ch\/Yvonand-Yachting\/#website\",\"url\":\"https:\/\/dmal.eleves.mediamatique.ch\/Yvonand-Yachting\/\",\"name\":\"yvonand-yachting\",\"description\":\"\",\"publisher\":{\"@id\":\"https:\/\/dmal.eleves.mediamatique.ch\/Yvonand-Yachting\/#organization\"},\"potentialAction\":[{\"@type\":\"SearchAction\",\"target\":{\"@type\":\"EntryPoint\",\"urlTemplate\":\"https:\/\/dmal.eleves.mediamatique.ch\/Yvonand-Yachting\/?s={search_term_string}\"},\"query-input\":\"required name=search_term_string\"}],\"inLanguage\":\"fr-FR\"},{\"@type\":\"Organization\",\"@id\":\"https:\/\/dmal.eleves.mediamatique.ch\/Yvonand-Yachting\/#organization\",\"name\":\"yvonand-yachting\",\"url\":\"https:\/\/dmal.eleves.mediamatique.ch\/Yvonand-Yachting\/\",\"logo\":{\"@type\":\"ImageObject\",\"inLanguage\":\"fr-FR\",\"@id\":\"https:\/\/dmal.eleves.mediamatique.ch\/Yvonand-Yachting\/#\/schema\/logo\/image\/\",\"url\":\"https:\/\/dmal.eleves.mediamatique.ch\/Yvonand-Yachting\/wp-content\/uploads\/2024\/06\/Yachting-Yvonnand-Slogan_1.png\",\"contentUrl\":\"https:\/\/dmal.eleves.mediamatique.ch\/Yvonand-Yachting\/wp-content\/uploads\/2024\/06\/Yachting-Yvonnand-Slogan_1.png\",\"width\":638,\"height\":366,\"caption\":\"yvonand-yachting\"},\"image\":{\"@id\":\"https:\/\/dmal.eleves.mediamatique.ch\/Yvonand-Yachting\/#\/schema\/logo\/image\/\"},\"sameAs\":[\"https:\/\/facebook.com\/yvonadyachting\",\"https:\/\/x.com\/yvonadyachting\"]}]}<\/script>\n<!-- \/ Yoast SEO plugin. -->","yoast_head_json":{"title":"Yacht wooden peace - yvonand-yachting","robots":{"index":"index","follow":"follow","max-snippet":"max-snippet:-1","max-image-preview":"max-image-preview:large","max-video-preview":"max-video-preview:-1"},"canonical":"https:\/\/dmal.eleves.mediamatique.ch\/Yvonand-Yachting\/produit\/yacht-wooden-peace\/","og_locale":"fr_FR","og_type":"article","og_title":"Yacht wooden peace - yvonand-yachting","og_description":"Naviguez avec gr\u00e2ce et style \u00e0 bord du &#8220;Wooden Peace&#8221;. Ce magnifique yacht allie tradition et modernit\u00e9 dans une conception en bois artisanale. Chaque d\u00e9tail de ce navire est m\u00e9ticuleusement con\u00e7u pour offrir une exp\u00e9rience de navigation paisible et luxueuse. Les lignes classiques et le savoir-faire artisanal se marient harmonieusement avec des \u00e9quipements de pointe, [&hellip;]","og_url":"https:\/\/dmal.eleves.mediamatique.ch\/Yvonand-Yachting\/produit\/yacht-wooden-peace\/","og_site_name":"yvonand-yachting","article_publisher":"https:\/\/facebook.com\/yvonadyachting","article_modified_time":"2024-06-20T09:06:27+00:00","og_image":[{"width":1792,"height":1024,"url":"https:\/\/dmal.eleves.mediamatique.ch\/Yvonand-Yachting\/wp-content\/uploads\/2024\/06\/w5gghwehg.webp","type":"image\/webp"}],"twitter_card":"summary_large_image","twitter_site":"@yvonadyachting","schema":{"@context":"https:\/\/schema.org","@graph":[{"@type":"WebPage","@id":"https:\/\/dmal.eleves.mediamatique.ch\/Yvonand-Yachting\/produit\/yacht-wooden-peace\/","url":"https:\/\/dmal.eleves.mediamatique.ch\/Yvonand-Yachting\/produit\/yacht-wooden-peace\/","name":"Yacht wooden peace - yvonand-yachting","isPartOf":{"@id":"https:\/\/dmal.eleves.mediamatique.ch\/Yvonand-Yachting\/#website"},"primaryImageOfPage":{"@id":"https:\/\/dmal.eleves.mediamatique.ch\/Yvonand-Yachting\/produit\/yacht-wooden-peace\/#primaryimage"},"image":{"@id":"https:\/\/dmal.eleves.mediamatique.ch\/Yvonand-Yachting\/produit\/yacht-wooden-peace\/#primaryimage"},"thumbnailUrl":"https:\/\/dmal.eleves.mediamatique.ch\/Yvonand-Yachting\/wp-content\/uploads\/2024\/06\/w5gghwehg.webp","datePublished":"2024-06-20T07:58:05+00:00","dateModified":"2024-06-20T09:06:27+00:00","breadcrumb":{"@id":"https:\/\/dmal.eleves.mediamatique.ch\/Yvonand-Yachting\/produit\/yacht-wooden-peace\/#breadcrumb"},"inLanguage":"fr-FR","potentialAction":[{"@type":"ReadAction","target":["https:\/\/dmal.eleves.mediamatique.ch\/Yvonand-Yachting\/produit\/yacht-wooden-peace\/"]}]},{"@type":"ImageObject","inLanguage":"fr-FR","@id":"https:\/\/dmal.eleves.mediamatique.ch\/Yvonand-Yachting\/produit\/yacht-wooden-peace\/#primaryimage","url":"https:\/\/dmal.eleves.mediamatique.ch\/Yvonand-Yachting\/wp-content\/uploads\/2024\/06\/w5gghwehg.webp","contentUrl":"https:\/\/dmal.eleves.mediamatique.ch\/Yvonand-Yachting\/wp-content\/uploads\/2024\/06\/w5gghwehg.webp","width":1792,"height":1024},{"@type":"BreadcrumbList","@id":"https:\/\/dmal.eleves.mediamatique.ch\/Yvonand-Yachting\/produit\/yacht-wooden-peace\/#breadcrumb","itemListElement":[{"@type":"ListItem","position":1,"name":"Accueil","item":"https:\/\/dmal.eleves.mediamatique.ch\/Yvonand-Yachting\/"},{"@type":"ListItem","position":2,"name":"Shop","item":"https:\/\/dmal.eleves.mediamatique.ch\/Yvonand-Yachting\/shop-2\/"},{"@type":"ListItem","position":3,"name":"Yacht wooden peace"}]},{"@type":"WebSite","@id":"https:\/\/dmal.eleves.mediamatique.ch\/Yvonand-Yachting\/#website","url":"https:\/\/dmal.eleves.mediamatique.ch\/Yvonand-Yachting\/","name":"yvonand-yachting","description":"","publisher":{"@id":"https:\/\/dmal.eleves.mediamatique.ch\/Yvonand-Yachting\/#organization"},"potentialAction":[{"@type":"SearchAction","target":{"@type":"EntryPoint","urlTemplate":"https:\/\/dmal.eleves.mediamatique.ch\/Yvonand-Yachting\/?s={search_term_string}"},"query-input":"required name=search_term_string"}],"inLanguage":"fr-FR"},{"@type":"Organization","@id":"https:\/\/dmal.eleves.mediamatique.ch\/Yvonand-Yachting\/#organization","name":"yvonand-yachting","url":"https:\/\/dmal.eleves.mediamatique.ch\/Yvonand-Yachting\/","logo":{"@type":"ImageObject","inLanguage":"fr-FR","@id":"https:\/\/dmal.eleves.mediamatique.ch\/Yvonand-Yachting\/#\/schema\/logo\/image\/","url":"https:\/\/dmal.eleves.mediamatique.ch\/Yvonand-Yachting\/wp-content\/uploads\/2024\/06\/Yachting-Yvonnand-Slogan_1.png","contentUrl":"https:\/\/dmal.eleves.mediamatique.ch\/Yvonand-Yachting\/wp-content\/uploads\/2024\/06\/Yachting-Yvonnand-Slogan_1.png","width":638,"height":366,"caption":"yvonand-yachting"},"image":{"@id":"https:\/\/dmal.eleves.mediamatique.ch\/Yvonand-Yachting\/#\/schema\/logo\/image\/"},"sameAs":["https:\/\/facebook.com\/yvonadyachting","https:\/\/x.com\/yvonadyachting"]}]}},"_links":{"self":[{"href":"https:\/\/dmal.eleves.mediamatique.ch\/Yvonand-Yachting\/wp-json\/wp\/v2\/product\/81","targetHints":{"allow":["GET"]}}],"collection":[{"href":"https:\/\/dmal.eleves.mediamatique.ch\/Yvonand-Yachting\/wp-json\/wp\/v2\/product"}],"about":[{"href":"https:\/\/dmal.eleves.mediamatique.ch\/Yvonand-Yachting\/wp-json\/wp\/v2\/types\/product"}],"replies":[{"embeddable":true,"href":"https:\/\/dmal.eleves.mediamatique.ch\/Yvonand-Yachting\/wp-json\/wp\/v2\/comments?post=81"}],"wp:featuredmedia":[{"embeddable":true,"href":"https:\/\/dmal.eleves.mediamatique.ch\/Yvonand-Yachting\/wp-json\/wp\/v2\/media\/82"}],"wp:attachment":[{"href":"https:\/\/dmal.eleves.mediamatique.ch\/Yvonand-Yachting\/wp-json\/wp\/v2\/media?parent=81"}],"wp:term":[{"taxonomy":"product_cat","embeddable":true,"href":"https:\/\/dmal.eleves.mediamatique.ch\/Yvonand-Yachting\/wp-json\/wp\/v2\/product_cat?post=81"},{"taxonomy":"product_tag","embeddable":true,"href":"https:\/\/dmal.eleves.mediamatique.ch\/Yvonand-Yachting\/wp-json\/wp\/v2\/product_tag?post=81"}],"curies":[{"name":"wp","href":"https:\/\/api.w.org\/{rel}","templated":true}]}}